{"id":76,"date":"2026-01-19T09:22:24","date_gmt":"2026-01-19T09:22:24","guid":{"rendered":"https:\/\/estrategiahotelera.es\/producto\/guia-de-experiencias-sensoriales\/"},"modified":"2026-01-19T09:22:24","modified_gmt":"2026-01-19T09:22:24","slug":"guia-de-experiencias-sensoriales","status":"publish","type":"product","link":"https:\/\/estrategiahotelera.es\/en\/product\/guia-de-experiencias-sensoriales\/","title":{"rendered":"Gu\u00eda de Experiencias Sensoriales"},"content":{"rendered":"<p>Gu\u00eda para dise\u00f1ar experiencias sensoriales \u00fanicas en alojamientos tur\u00edsticos.<\/p>","protected":false},"excerpt":{"rendered":"<p>Gu\u00eda para dise\u00f1ar experiencias sensoriales \u00fanicas en alojamientos tur\u00edsticos.<\/p>","protected":false},"featured_media":0,"comment_status":"open","ping_status":"closed","template":"","meta":[],"product_brand":[],"product_cat":[25],"product_tag":[],"class_list":{"0":"post-76","1":"product","2":"type-product","3":"status-publish","5":"product_cat-consultoria-hotelera","7":"first","8":"instock","9":"shipping-taxable","10":"purchasable","11":"product-type-simple"},"_links":{"self":[{"href":"https:\/\/estrategiahotelera.es\/en\/wp-json\/wp\/v2\/product\/76","targetHints":{"allow":["GET"]}}],"collection":[{"href":"https:\/\/estrategiahotelera.es\/en\/wp-json\/wp\/v2\/product"}],"about":[{"href":"https:\/\/estrategiahotelera.es\/en\/wp-json\/wp\/v2\/types\/product"}],"replies":[{"embeddable":true,"href":"https:\/\/estrategiahotelera.es\/en\/wp-json\/wp\/v2\/comments?post=76"}],"wp:attachment":[{"href":"https:\/\/estrategiahotelera.es\/en\/wp-json\/wp\/v2\/media?parent=76"}],"wp:term":[{"taxonomy":"product_brand","embeddable":true,"href":"https:\/\/estrategiahotelera.es\/en\/wp-json\/wp\/v2\/product_brand?post=76"},{"taxonomy":"product_cat","embeddable":true,"href":"https:\/\/estrategiahotelera.es\/en\/wp-json\/wp\/v2\/product_cat?post=76"},{"taxonomy":"product_tag","embeddable":true,"href":"https:\/\/estrategiahotelera.es\/en\/wp-json\/wp\/v2\/product_tag?post=76"}],"curies":[{"name":"wp","href":"https:\/\/api.w.org\/{rel}","templated":true}]}}