{"id":72,"date":"2026-01-19T09:22:24","date_gmt":"2026-01-19T09:22:24","guid":{"rendered":"https:\/\/estrategiahotelera.es\/producto\/checklist-para-certificacion-ecologica\/"},"modified":"2026-01-19T09:22:24","modified_gmt":"2026-01-19T09:22:24","slug":"checklist-para-certificacion-ecologica","status":"publish","type":"product","link":"https:\/\/estrategiahotelera.es\/en\/product\/checklist-para-certificacion-ecologica\/","title":{"rendered":"Checklist para Certificaci\u00f3n Ecol\u00f3gica"},"content":{"rendered":"<p>Lista de verificaci\u00f3n para obtener certificaciones ecol\u00f3gicas en alojamientos tur\u00edsticos.<\/p>","protected":false},"excerpt":{"rendered":"<p>Lista de verificaci\u00f3n para obtener certificaciones ecol\u00f3gicas en alojamientos tur\u00edsticos.<\/p>","protected":false},"featured_media":0,"comment_status":"open","ping_status":"closed","template":"","meta":[],"product_brand":[],"product_cat":[25],"product_tag":[],"class_list":{"0":"post-72","1":"product","2":"type-product","3":"status-publish","5":"product_cat-consultoria-hotelera","7":"first","8":"instock","9":"shipping-taxable","10":"purchasable","11":"product-type-simple"},"_links":{"self":[{"href":"https:\/\/estrategiahotelera.es\/en\/wp-json\/wp\/v2\/product\/72","targetHints":{"allow":["GET"]}}],"collection":[{"href":"https:\/\/estrategiahotelera.es\/en\/wp-json\/wp\/v2\/product"}],"about":[{"href":"https:\/\/estrategiahotelera.es\/en\/wp-json\/wp\/v2\/types\/product"}],"replies":[{"embeddable":true,"href":"https:\/\/estrategiahotelera.es\/en\/wp-json\/wp\/v2\/comments?post=72"}],"wp:attachment":[{"href":"https:\/\/estrategiahotelera.es\/en\/wp-json\/wp\/v2\/media?parent=72"}],"wp:term":[{"taxonomy":"product_brand","embeddable":true,"href":"https:\/\/estrategiahotelera.es\/en\/wp-json\/wp\/v2\/product_brand?post=72"},{"taxonomy":"product_cat","embeddable":true,"href":"https:\/\/estrategiahotelera.es\/en\/wp-json\/wp\/v2\/product_cat?post=72"},{"taxonomy":"product_tag","embeddable":true,"href":"https:\/\/estrategiahotelera.es\/en\/wp-json\/wp\/v2\/product_tag?post=72"}],"curies":[{"name":"wp","href":"https:\/\/api.w.org\/{rel}","templated":true}]}}