{"id":70,"date":"2026-01-19T09:22:24","date_gmt":"2026-01-19T09:22:24","guid":{"rendered":"https:\/\/estrategiahotelera.es\/producto\/guia-de-optimizacion-de-precios\/"},"modified":"2026-01-19T09:22:24","modified_gmt":"2026-01-19T09:22:24","slug":"guia-de-optimizacion-de-precios","status":"publish","type":"product","link":"https:\/\/estrategiahotelera.es\/en\/product\/guia-de-optimizacion-de-precios\/","title":{"rendered":"Gu\u00eda de Optimizaci\u00f3n de Precios"},"content":{"rendered":"<p>Gu\u00eda para establecer estrategias de precios competitivos y rentables en el sector hotelero.<\/p>","protected":false},"excerpt":{"rendered":"<p>Gu\u00eda para establecer estrategias de precios competitivos y rentables en el sector hotelero.<\/p>","protected":false},"featured_media":0,"comment_status":"open","ping_status":"closed","template":"","meta":[],"product_brand":[],"product_cat":[25],"product_tag":[],"class_list":{"0":"post-70","1":"product","2":"type-product","3":"status-publish","5":"product_cat-consultoria-hotelera","7":"first","8":"instock","9":"shipping-taxable","10":"purchasable","11":"product-type-simple"},"_links":{"self":[{"href":"https:\/\/estrategiahotelera.es\/en\/wp-json\/wp\/v2\/product\/70","targetHints":{"allow":["GET"]}}],"collection":[{"href":"https:\/\/estrategiahotelera.es\/en\/wp-json\/wp\/v2\/product"}],"about":[{"href":"https:\/\/estrategiahotelera.es\/en\/wp-json\/wp\/v2\/types\/product"}],"replies":[{"embeddable":true,"href":"https:\/\/estrategiahotelera.es\/en\/wp-json\/wp\/v2\/comments?post=70"}],"wp:attachment":[{"href":"https:\/\/estrategiahotelera.es\/en\/wp-json\/wp\/v2\/media?parent=70"}],"wp:term":[{"taxonomy":"product_brand","embeddable":true,"href":"https:\/\/estrategiahotelera.es\/en\/wp-json\/wp\/v2\/product_brand?post=70"},{"taxonomy":"product_cat","embeddable":true,"href":"https:\/\/estrategiahotelera.es\/en\/wp-json\/wp\/v2\/product_cat?post=70"},{"taxonomy":"product_tag","embeddable":true,"href":"https:\/\/estrategiahotelera.es\/en\/wp-json\/wp\/v2\/product_tag?post=70"}],"curies":[{"name":"wp","href":"https:\/\/api.w.org\/{rel}","templated":true}]}}