{"id":59,"date":"2026-01-19T09:22:23","date_gmt":"2026-01-19T09:22:23","guid":{"rendered":"https:\/\/estrategiahotelera.es\/producto\/guia-de-estrategias-de-marketing-hotelero\/"},"modified":"2026-01-19T09:22:23","modified_gmt":"2026-01-19T09:22:23","slug":"guia-de-estrategias-de-marketing-hotelero","status":"publish","type":"product","link":"https:\/\/estrategiahotelera.es\/en\/product\/guia-de-estrategias-de-marketing-hotelero\/","title":{"rendered":"Gu\u00eda de Estrategias de Marketing Hotelero"},"content":{"rendered":"<p>Una gu\u00eda completa para implementar estrategias de marketing efectivas en hoteles y casas rurales, enfoc\u00e1ndose en la autenticidad y sostenibilidad.<\/p>","protected":false},"excerpt":{"rendered":"<p>Una gu\u00eda completa para implementar estrategias de marketing efectivas en hoteles y casas rurales, enfoc\u00e1ndose en la autenticidad y sostenibilidad.<\/p>","protected":false},"featured_media":0,"comment_status":"open","ping_status":"closed","template":"","meta":[],"product_brand":[],"product_cat":[25],"product_tag":[],"class_list":{"0":"post-59","1":"product","2":"type-product","3":"status-publish","5":"product_cat-consultoria-hotelera","7":"first","8":"instock","9":"shipping-taxable","10":"purchasable","11":"product-type-simple"},"_links":{"self":[{"href":"https:\/\/estrategiahotelera.es\/en\/wp-json\/wp\/v2\/product\/59","targetHints":{"allow":["GET"]}}],"collection":[{"href":"https:\/\/estrategiahotelera.es\/en\/wp-json\/wp\/v2\/product"}],"about":[{"href":"https:\/\/estrategiahotelera.es\/en\/wp-json\/wp\/v2\/types\/product"}],"replies":[{"embeddable":true,"href":"https:\/\/estrategiahotelera.es\/en\/wp-json\/wp\/v2\/comments?post=59"}],"wp:attachment":[{"href":"https:\/\/estrategiahotelera.es\/en\/wp-json\/wp\/v2\/media?parent=59"}],"wp:term":[{"taxonomy":"product_brand","embeddable":true,"href":"https:\/\/estrategiahotelera.es\/en\/wp-json\/wp\/v2\/product_brand?post=59"},{"taxonomy":"product_cat","embeddable":true,"href":"https:\/\/estrategiahotelera.es\/en\/wp-json\/wp\/v2\/product_cat?post=59"},{"taxonomy":"product_tag","embeddable":true,"href":"https:\/\/estrategiahotelera.es\/en\/wp-json\/wp\/v2\/product_tag?post=59"}],"curies":[{"name":"wp","href":"https:\/\/api.w.org\/{rel}","templated":true}]}}