{"id":941,"date":"2026-02-10T13:26:13","date_gmt":"2026-02-10T12:26:13","guid":{"rendered":"https:\/\/estrategiahotelera.es\/?page_id=941"},"modified":"2026-04-07T16:45:32","modified_gmt":"2026-04-07T15:45:32","slug":"contacto","status":"publish","type":"page","link":"https:\/\/estrategiahotelera.es\/en\/contacto\/","title":{"rendered":"Contacto"},"content":{"rendered":"<figure class=\"wp-block-image aligncenter size-medium\"><img loading=\"lazy\" decoding=\"async\" width=\"300\" height=\"200\" src=\"https:\/\/estrategiahotelera.es\/wp-content\/uploads\/2026\/02\/Logo-MoradaPaula-Tilve-300x200.png\" alt=\"\" class=\"wp-image-983\" srcset=\"https:\/\/estrategiahotelera.es\/wp-content\/uploads\/2026\/02\/Logo-MoradaPaula-Tilve-300x200.png 300w, https:\/\/estrategiahotelera.es\/wp-content\/uploads\/2026\/02\/Logo-MoradaPaula-Tilve-1024x683.png 1024w, https:\/\/estrategiahotelera.es\/wp-content\/uploads\/2026\/02\/Logo-MoradaPaula-Tilve-768x512.png 768w, https:\/\/estrategiahotelera.es\/wp-content\/uploads\/2026\/02\/Logo-MoradaPaula-Tilve-18x12.png 18w, https:\/\/estrategiahotelera.es\/wp-content\/uploads\/2026\/02\/Logo-MoradaPaula-Tilve-600x400.png 600w, https:\/\/estrategiahotelera.es\/wp-content\/uploads\/2026\/02\/Logo-MoradaPaula-Tilve.png 1536w\" sizes=\"auto, (max-width: 300px) 100vw, 300px\" \/><\/figure>\n\n\n\n<div class=\"wp-block-group has-global-padding is-layout-constrained wp-block-group-is-layout-constrained\">\n<h1 class=\"wp-block-heading has-text-align-center has-custom-crema-roto-color has-text-color has-link-color has-fontprimary-font-family has-superbfont-xlarge-font-size wp-elements-6af52b65667fa6b1808063f1f2d4db1d\">Solicita el diagn\u00f3stico estrat\u00e9gico<\/h1>\n\n\n\n<h2 class=\"wp-block-heading has-text-align-center has-custom-crema-roto-color has-text-color has-link-color has-fontprimary-font-family has-superbfont-large-font-size wp-elements-80f66a84c0e8f48f0df7beb17a362183\">Para alojamientos que necesitan ordenar, decidir y trabajar mejor.<\/h2>\n<\/div>\n\n\n\n<div class=\"wp-block-group has-global-padding is-layout-constrained wp-block-group-is-layout-constrained\">\n<p class=\"has-text-align-center has-custom-crema-roto-background-color has-background has-superbfont-medium-font-size\">Este formulario es el primer paso para entender si el <a href=\"https:\/\/estrategiahotelera.es\/en\/metodo-morada\/\" data-type=\"page\" data-id=\"430\">M\u00e9todo MORADA<\/a> encaja con tu alojamiento.<br>No es una llamada comercial ni un compromiso.<br>Es una forma de llegar a la conversaci\u00f3n con contexto y criterio.<\/p>\n<\/div>\n\n\n\n<div class=\"wp-block-group has-global-padding is-layout-constrained wp-block-group-is-layout-constrained\">\n<p class=\"has-text-align-center has-superbfont-medium-font-size\">Este diagn\u00f3stico tiene sentido si:<\/p>\n\n\n\n<p class=\"has-text-align-center has-superbfont-medium-font-size\">\u2022 <strong>Gestionas <\/strong>un alojamiento independiente<br>\u2022 Tomas <strong>decisiones<\/strong> estrat\u00e9gicas en el negocio<br>\u2022 Buscas <strong>claridad<\/strong> m\u00e1s que soluciones r\u00e1pidas<\/p>\n<\/div>\n\n\n\n<div class=\"wp-block-group has-global-padding is-layout-constrained wp-block-group-is-layout-constrained\">\n<div style=\"max-width:900px; margin:auto;\">\n  <iframe loading=\"lazy\" \n    src=\"https:\/\/docs.google.com\/forms\/d\/e\/1FAIpQLSfsznw8PZQ0y4zHWdRHVaVPcI4MhvOH2aCV3gfDcd1IQB0U2A\/viewform?embedded=true\" \n    width=\"100%\" \n    height=\"2013\" \n    frameborder=\"0\">\n  <\/iframe>\n<\/div>\n<\/div>\n\n\n\n<div class=\"wp-block-group has-global-padding is-layout-constrained wp-block-group-is-layout-constrained\">\n<p class=\"has-text-align-center has-custom-crema-roto-background-color has-background has-superbfont-large-font-size\">Respondo personalmente.<br>Si tiene sentido avanzar, te escribir\u00e9.<br>Si no, tambi\u00e9n te lo dir\u00e9 con honestidad.<\/p>\n<\/div>","protected":false},"excerpt":{"rendered":"<p>Solicita el diagn\u00f3stico estrat\u00e9gico Para alojamientos que necesitan ordenar, decidir y trabajar mejor. Este formulario es el primer paso para entender si el M\u00e9todo MORADA encaja con tu alojamiento.No es una llamada comercial ni un compromiso.Es una forma de llegar a la conversaci\u00f3n con contexto y criterio. Este diagn\u00f3stico tiene sentido si: \u2022 Gestionas un [&hellip;]<\/p>\n","protected":false},"author":1,"featured_media":0,"parent":0,"menu_order":0,"comment_status":"closed","ping_status":"closed","template":"full-width-page","meta":{"footnotes":""},"class_list":["post-941","page","type-page","status-publish","hentry"],"_links":{"self":[{"href":"https:\/\/estrategiahotelera.es\/en\/wp-json\/wp\/v2\/pages\/941","targetHints":{"allow":["GET"]}}],"collection":[{"href":"https:\/\/estrategiahotelera.es\/en\/wp-json\/wp\/v2\/pages"}],"about":[{"href":"https:\/\/estrategiahotelera.es\/en\/wp-json\/wp\/v2\/types\/page"}],"author":[{"embeddable":true,"href":"https:\/\/estrategiahotelera.es\/en\/wp-json\/wp\/v2\/users\/1"}],"replies":[{"embeddable":true,"href":"https:\/\/estrategiahotelera.es\/en\/wp-json\/wp\/v2\/comments?post=941"}],"version-history":[{"count":46,"href":"https:\/\/estrategiahotelera.es\/en\/wp-json\/wp\/v2\/pages\/941\/revisions"}],"predecessor-version":[{"id":1708,"href":"https:\/\/estrategiahotelera.es\/en\/wp-json\/wp\/v2\/pages\/941\/revisions\/1708"}],"wp:attachment":[{"href":"https:\/\/estrategiahotelera.es\/en\/wp-json\/wp\/v2\/media?parent=941"}],"curies":[{"name":"wp","href":"https:\/\/api.w.org\/{rel}","templated":true}]}}