{"id":3,"date":"2026-01-12T12:03:24","date_gmt":"2026-01-12T12:03:24","guid":{"rendered":"https:\/\/estrategiahotelera.es\/?page_id=3"},"modified":"2026-02-10T14:30:54","modified_gmt":"2026-02-10T13:30:54","slug":"politica-de-privacidad","status":"publish","type":"page","link":"https:\/\/estrategiahotelera.es\/en\/politica-de-privacidad\/","title":{"rendered":"Pol\u00edtica de Privacidad"},"content":{"rendered":"<h1 class=\"wp-block-heading\"><strong>Pol\u00edtica de privacidad<\/strong><\/h1>\n\n\n\n<h3 class=\"wp-block-heading\">1. Responsable del tratamiento<\/h3>\n\n\n\n<p class=\"has-fontsecondary-font-family\">Responsable del tratamiento de los datos personales recogidos a trav\u00e9s de esta web:<\/p>\n\n\n\n<p class=\"has-fontsecondary-font-family has-superbfont-xxsmall-font-size\"><strong>Paula Tilve Teira<\/strong><br>Correo electr\u00f3nico de contacto: paula@estrategiahotelera.es<\/p>\n\n\n\n<h2 class=\"wp-block-heading has-superbfont-medium-font-size\">2. Finalidad del tratamiento de los datos<\/h2>\n\n\n\n<p class=\"has-fontsecondary-font-family has-superbfont-xsmall-font-size\">Los datos personales facilitados a trav\u00e9s de esta web se utilizan exclusivamente para:<\/p>\n\n\n\n<ul class=\"wp-block-list\">\n<li class=\"has-custom-gris-hum-color has-text-color has-link-color has-fontsecondary-font-family has-superbfont-xxsmall-font-size wp-elements-131a0bd0044e154cc7bdb8a53a0cdb9c\" style=\"font-style:normal;font-weight:400\">gestionar solicitudes de contacto y diagn\u00f3stico estrat\u00e9gico<\/li>\n\n\n\n<li class=\"has-custom-gris-hum-color has-text-color has-link-color has-fontsecondary-font-family has-superbfont-xxsmall-font-size wp-elements-f2b572ebf2717a918586eba36e12a964\" style=\"font-style:normal;font-weight:400\">mantener comunicaciones relacionadas con dichas solicitudes<\/li>\n\n\n\n<li class=\"has-custom-gris-hum-color has-text-color has-link-color has-fontsecondary-font-family has-superbfont-xxsmall-font-size wp-elements-bd1ccf3386629c1ba14da8361ba479b9\" style=\"font-style:normal;font-weight:400\">atender consultas enviadas por correo electr\u00f3nico<\/li>\n<\/ul>\n\n\n\n<p class=\"has-fontsecondary-font-family\">En ning\u00fan caso los datos se utilizar\u00e1n para fines distintos a los aqu\u00ed descritos.<\/p>\n\n\n\n<hr class=\"wp-block-separator has-alpha-channel-opacity\"\/>\n\n\n\n<h2 class=\"wp-block-heading has-fontsecondary-font-family has-superbfont-medium-font-size\">3. Legitimaci\u00f3n para el tratamiento<\/h2>\n\n\n\n<p class=\"has-fontsecondary-font-family\">La base legal para el tratamiento de los datos personales es el <strong>consentimiento de la persona interesada<\/strong>, otorgado al enviar un formulario o contactar voluntariamente a trav\u00e9s de los medios disponibles en esta web.<\/p>\n\n\n\n<hr class=\"wp-block-separator has-alpha-channel-opacity\"\/>\n\n\n\n<h2 class=\"wp-block-heading has-superbfont-medium-font-size\">4. Origen de los datos<\/h2>\n\n\n\n<p class=\"has-fontsecondary-font-family has-superbfont-xsmall-font-size\">Los datos personales tratados en esta web proceden directamente de la informaci\u00f3n facilitada por las personas interesadas a trav\u00e9s de:<\/p>\n\n\n\n<ul class=\"wp-block-list\">\n<li class=\"has-custom-gris-hum-color has-text-color has-link-color has-superbfont-xsmall-font-size wp-elements-3d1dd8ab0261196d55faf6b17b6315b9\">formularios de contacto o diagn\u00f3stico<\/li>\n\n\n\n<li class=\"has-custom-gris-hum-color has-text-color has-link-color has-superbfont-xsmall-font-size wp-elements-a27d9cb3386774ed53ea9dcf7735f163\">comunicaciones por correo electr\u00f3nico<\/li>\n<\/ul>\n\n\n\n<p class=\"has-fontsecondary-font-family\">No se tratan datos procedentes de terceros ni de fuentes p\u00fablicas.<\/p>\n\n\n\n<hr class=\"wp-block-separator has-alpha-channel-opacity\"\/>\n\n\n\n<h2 class=\"wp-block-heading has-superbfont-medium-font-size\">5. Destinatarios y encargados del tratamiento<\/h2>\n\n\n\n<p class=\"has-fontsecondary-font-family\">No se ceder\u00e1n datos personales a terceros, salvo obligaci\u00f3n legal.<\/p>\n\n\n\n<p class=\"has-fontsecondary-font-family\">Esta web utiliza herramientas y servicios de terceros necesarios para su funcionamiento, tales como servicios de alojamiento web, correo electr\u00f3nico y formularios online. Dichos proveedores act\u00faan como encargados del tratamiento y cumplen con la normativa vigente en materia de protecci\u00f3n de datos.<\/p>\n\n\n\n<hr class=\"wp-block-separator has-alpha-channel-opacity\"\/>\n\n\n\n<h2 class=\"wp-block-heading has-superbfont-medium-font-size\">6. Conservaci\u00f3n de los datos<\/h2>\n\n\n\n<p class=\"has-fontsecondary-font-family\">Los datos personales se conservar\u00e1n \u00fanicamente durante el tiempo necesario para:<\/p>\n\n\n\n<ul class=\"wp-block-list\">\n<li class=\"has-custom-gris-hum-color has-text-color has-link-color has-superbfont-xsmall-font-size wp-elements-15e834161bef08ce0e65c8632ff2c86e\">atender la solicitud realizada<\/li>\n\n\n\n<li class=\"has-custom-gris-hum-color has-text-color has-link-color has-superbfont-xsmall-font-size wp-elements-f2c1fd6053232bffcb39be943c304214\">mantener la comunicaci\u00f3n derivada de la misma<\/li>\n\n\n\n<li class=\"has-custom-gris-hum-color has-text-color has-link-color has-superbfont-xsmall-font-size wp-elements-c5c1664120346e892a4ec2bf37e45f2c\">o mientras exista una relaci\u00f3n profesional<\/li>\n<\/ul>\n\n\n\n<p class=\"has-fontsecondary-font-family\">Una vez finalizada dicha relaci\u00f3n, los datos se eliminar\u00e1n de forma segura.<\/p>\n\n\n\n<hr class=\"wp-block-separator has-alpha-channel-opacity\"\/>\n\n\n\n<h2 class=\"wp-block-heading has-superbfont-medium-font-size\">7. Derechos de las personas interesadas<\/h2>\n\n\n\n<p class=\"has-fontsecondary-font-family\">La persona interesada puede ejercer en cualquier momento los siguientes derechos:<\/p>\n\n\n\n<ul class=\"wp-block-list\">\n<li class=\"has-custom-gris-hum-color has-text-color has-link-color has-superbfont-xsmall-font-size wp-elements-ec78c201ffde1a20f436913d186a93a0\">acceso a sus datos personales<\/li>\n\n\n\n<li class=\"has-custom-gris-hum-color has-text-color has-link-color has-superbfont-xsmall-font-size wp-elements-28a77b586673742bd5b6cf0d9f68b477\">rectificaci\u00f3n de los datos inexactos<\/li>\n\n\n\n<li class=\"has-custom-gris-hum-color has-text-color has-link-color has-superbfont-xsmall-font-size wp-elements-8f5a4f7d7edb55d8abff5b93eedf08de\">supresi\u00f3n de los datos cuando ya no sean necesarios<\/li>\n\n\n\n<li class=\"has-custom-gris-hum-color has-text-color has-link-color has-superbfont-xsmall-font-size wp-elements-d2edc8c17e8808b279a21a2357134e0e\">limitaci\u00f3n del tratamiento<\/li>\n\n\n\n<li class=\"has-custom-gris-hum-color has-text-color has-link-color has-superbfont-xsmall-font-size wp-elements-b105aa1aa6643a00ea36d8f6239a36e1\">oposici\u00f3n al tratamiento<\/li>\n<\/ul>\n\n\n\n<p class=\"has-fontsecondary-font-family\">Para ejercer estos derechos puede enviar una solicitud al correo electr\u00f3nico indicado anteriormente.<\/p>\n\n\n\n<hr class=\"wp-block-separator has-alpha-channel-opacity\"\/>\n\n\n\n<h2 class=\"wp-block-heading has-superbfont-medium-font-size\">8. Seguridad y confidencialidad<\/h2>\n\n\n\n<p class=\"has-fontsecondary-font-family\">Los datos personales se tratan de forma confidencial y se aplican las medidas t\u00e9cnicas y organizativas necesarias para garantizar su seguridad y evitar su alteraci\u00f3n, p\u00e9rdida, tratamiento o acceso no autorizado.<\/p>\n\n\n\n<hr class=\"wp-block-separator has-alpha-channel-opacity\"\/>\n\n\n\n<h2 class=\"wp-block-heading has-superbfont-medium-font-size\">9. Cookies<\/h2>\n\n\n\n<p class=\"has-fontsecondary-font-family\">Esta web utiliza <strong>cookies t\u00e9cnicas<\/strong> necesarias para su correcto funcionamiento y para garantizar una experiencia de navegaci\u00f3n adecuada.<\/p>\n\n\n\n<p class=\"has-fontsecondary-font-family\">Asimismo, pueden utilizarse cookies de terceros asociadas a herramientas integradas en la web, como formularios externos o servicios de alojamiento.<\/p>\n\n\n\n<p class=\"has-fontsecondary-font-family\">La persona usuaria puede configurar su navegador para bloquear o eliminar las cookies, aunque ello puede afectar al correcto funcionamiento de la web.<\/p>\n\n\n\n<hr class=\"wp-block-separator has-alpha-channel-opacity\"\/>\n\n\n\n<h2 class=\"wp-block-heading has-superbfont-medium-font-size\">10. Cambios en la pol\u00edtica de privacidad<\/h2>\n\n\n\n<p class=\"has-fontsecondary-font-family\">Esta pol\u00edtica de privacidad puede actualizarse en funci\u00f3n de cambios legales o t\u00e9cnicos. Se recomienda revisarla peri\u00f3dicamente.<\/p>","protected":false},"excerpt":{"rendered":"<p>Pol\u00edtica de privacidad 1. Responsable del tratamiento Responsable del tratamiento de los datos personales recogidos a trav\u00e9s de esta web: Paula Tilve TeiraCorreo electr\u00f3nico de contacto: paula@estrategiahotelera.es 2. Finalidad del tratamiento de los datos Los datos personales facilitados a trav\u00e9s de esta web se utilizan exclusivamente para: En ning\u00fan caso los datos se utilizar\u00e1n para [&hellip;]<\/p>\n","protected":false},"author":1,"featured_media":0,"parent":0,"menu_order":0,"comment_status":"closed","ping_status":"closed","template":"full-width-page","meta":{"footnotes":""},"class_list":["post-3","page","type-page","status-publish","hentry"],"_links":{"self":[{"href":"https:\/\/estrategiahotelera.es\/en\/wp-json\/wp\/v2\/pages\/3","targetHints":{"allow":["GET"]}}],"collection":[{"href":"https:\/\/estrategiahotelera.es\/en\/wp-json\/wp\/v2\/pages"}],"about":[{"href":"https:\/\/estrategiahotelera.es\/en\/wp-json\/wp\/v2\/types\/page"}],"author":[{"embeddable":true,"href":"https:\/\/estrategiahotelera.es\/en\/wp-json\/wp\/v2\/users\/1"}],"replies":[{"embeddable":true,"href":"https:\/\/estrategiahotelera.es\/en\/wp-json\/wp\/v2\/comments?post=3"}],"version-history":[{"count":59,"href":"https:\/\/estrategiahotelera.es\/en\/wp-json\/wp\/v2\/pages\/3\/revisions"}],"predecessor-version":[{"id":1050,"href":"https:\/\/estrategiahotelera.es\/en\/wp-json\/wp\/v2\/pages\/3\/revisions\/1050"}],"wp:attachment":[{"href":"https:\/\/estrategiahotelera.es\/en\/wp-json\/wp\/v2\/media?parent=3"}],"curies":[{"name":"wp","href":"https:\/\/api.w.org\/{rel}","templated":true}]}}