{"id":1734,"date":"2026-04-07T17:04:37","date_gmt":"2026-04-07T16:04:37","guid":{"rendered":"https:\/\/estrategiahotelera.es\/pagina-de-ancho-completo-theme\/"},"modified":"2026-04-22T17:41:43","modified_gmt":"2026-04-22T16:41:43","slug":"mini-auditoria","status":"publish","type":"page","link":"https:\/\/estrategiahotelera.es\/en\/mini-auditoria\/","title":{"rendered":"Mini auditor\u00eda"},"content":{"rendered":"<div class=\"wp-block-group is-style-default has-border-color has-custom-gris-hum-border-color has-custom-crema-roto-background-color has-background is-layout-flow wp-block-group-is-layout-flow\" style=\"border-width:26px;padding-top:var(--wp--preset--spacing--superbspacing-xxlarge);padding-bottom:var(--wp--preset--spacing--superbspacing-xxlarge);background-image:url(&apos;https:\/\/estrategiahotelera.es\/wp-content\/uploads\/2026\/04\/image-16.jpg&apos;);background-position:30% 55.00000000000001%;background-size:cover;\">\n<h1 class=\"wp-block-heading has-text-align-center has-contrast-light-color has-primary-background-color has-text-color has-background has-link-color has-fontprimary-font-family has-superbfont-xxlarge-font-size wp-elements-3f0228bbebf7831aa3496264e40657f2\" style=\"border-style:none;border-width:0px;padding-top:var(--wp--preset--spacing--superbspacing-xsmall);padding-right:var(--wp--preset--spacing--superbspacing-medium);padding-bottom:var(--wp--preset--spacing--superbspacing-xsmall);padding-left:var(--wp--preset--spacing--superbspacing-medium)\">\u00bfEst\u00e1s perdiendo dinero en tu alojamiento sin saberlo?<\/h1>\n\n\n\n<h2 class=\"wp-block-heading has-text-align-center has-contrast-light-background-color has-background has-fontprimary-font-family\" style=\"border-top-left-radius:100px;border-top-right-radius:100px;border-bottom-left-radius:100px;border-bottom-right-radius:100px;padding-right:var(--wp--preset--spacing--superbspacing-medium);padding-left:var(--wp--preset--spacing--superbspacing-medium)\">En 3 minutos te doy una foto clara<br>de c\u00f3mo est\u00e1 tu alojamiento (no es autom\u00e1tico, lo reviso yo)<\/h2>\n\n\n\n<p class=\"has-text-align-center has-contrast-light-color has-contrast-dark-background-color has-text-color has-background has-link-color has-fontprimary-font-family has-superbfont-medium-font-size wp-elements-d9974468f9186a5b6caa378ab5fd1e2d\" style=\"border-top-left-radius:100px;border-top-right-radius:100px;border-bottom-left-radius:100px;border-bottom-right-radius:100px;margin-right:0;margin-left:0\"><em><strong>\u2714\ufe0f Gratuita<br>\u2714\ufe0f 3 minutos<br>\u2714\ufe0f Respuesta personalizada<\/strong><\/em><\/p>\n\n\n\n<div class=\"wp-block-buttons is-content-justification-center is-layout-flex wp-container-core-buttons-is-layout-533a0964 wp-block-buttons-is-layout-flex\" style=\"padding-top:var(--wp--preset--spacing--superbspacing-xsmall);padding-bottom:var(--wp--preset--spacing--superbspacing-xsmall)\">\n<div class=\"wp-block-button has-custom-width wp-block-button__width-50\"><a class=\"wp-block-button__link has-text-align-center wp-element-button\" href=\"https:\/\/form.typeform.com\/to\/JV2MlmM5\" target=\"_blank\" rel=\"noreferrer noopener\">Acceder a la mini auditor\u00eda<\/a><\/div>\n<\/div>\n<\/div>\n\n\n\n<div class=\"wp-block-group has-border-color has-custom-crema-roto-border-color has-custom-crema-roto-background-color has-background has-global-padding is-layout-constrained wp-block-group-is-layout-constrained\" style=\"border-width:85px;border-top-left-radius:0px;border-top-right-radius:0px;border-bottom-left-radius:0px;border-bottom-right-radius:0px\">\n<h3 class=\"wp-block-heading has-text-align-center has-fontprimary-font-family\" style=\"padding-right:var(--wp--preset--spacing--superbspacing-medium);padding-left:var(--wp--preset--spacing--superbspacing-medium)\">Muchos alojamientos <strong>funcionan<\/strong>, <strong>generan ingresos<\/strong> y mantienen la operativa.<\/h3>\n\n\n\n<h3 class=\"wp-block-heading has-text-align-center has-fontprimary-font-family\" style=\"padding-right:var(--wp--preset--spacing--superbspacing-medium);padding-left:var(--wp--preset--spacing--superbspacing-medium)\">Pero lo hacen desde la urgencia, con decisiones poco estructuradas y sin una visi\u00f3n clara de su rentabilidad real.<\/h3>\n\n\n\n<h3 class=\"wp-block-heading has-text-align-center has-fontprimary-font-family\" style=\"padding-right:var(--wp--preset--spacing--superbspacing-medium);padding-left:var(--wp--preset--spacing--superbspacing-medium)\">Esto provoca <strong>fugas de dinero<\/strong> que pasan desapercibidas en el d\u00eda a d\u00eda.<\/h3>\n\n\n\n<h3 class=\"wp-block-heading has-text-align-center has-fontprimary-font-family\" style=\"padding-right:var(--wp--preset--spacing--superbspacing-medium);padding-left:var(--wp--preset--spacing--superbspacing-medium)\">Para ayudarte a detectar estas situaciones, he preparado una <strong>mini auditor\u00eda<\/strong> sencilla que te permitir\u00e1 tener una primera visi\u00f3n de tu negocio.<\/h3>\n\n\n\n<div class=\"wp-block-buttons is-content-justification-center is-layout-flex wp-container-core-buttons-is-layout-a89b3969 wp-block-buttons-is-layout-flex\">\n<div class=\"wp-block-button\" id=\"miniauditoria\"><a class=\"wp-block-button__link wp-element-button\" href=\"https:\/\/form.typeform.com\/to\/JV2MlmM5\" target=\"_blank\" rel=\"noreferrer noopener\">acceso a la mini auditor\u00eda<\/a><\/div>\n<\/div>\n<\/div>\n\n\n\n<div class=\"wp-block-group has-custom-crema-roto-background-color has-background has-global-padding is-layout-constrained wp-block-group-is-layout-constrained\" style=\"padding-top:var(--wp--preset--spacing--superbspacing-medium);padding-bottom:var(--wp--preset--spacing--superbspacing-medium)\">\n<p class=\"has-text-align-left has-superbfont-large-font-size\" style=\"margin-right:0;margin-left:0;padding-right:var(--wp--preset--spacing--superbspacing-xlarge);padding-left:var(--wp--preset--spacing--superbspacing-xlarge)\"><strong>\u00bfC\u00f3mo funciona?<\/strong><\/p>\n\n\n\n<ol style=\"margin-right:var(--wp--preset--spacing--superbspacing-small);margin-left:var(--wp--preset--spacing--superbspacing-small);line-height:2.1\" class=\"wp-block-list\">\n<li class=\"has-primary-color has-text-color has-link-color has-fontprimary-font-family wp-elements-2139fd4e494d4199e698890033a3d0ba\" style=\"margin-right:var(--wp--preset--spacing--superbspacing-medium);margin-left:var(--wp--preset--spacing--superbspacing-medium)\">Completa un formulario breve (3 minutos)\n<ul class=\"wp-block-list\">\n<li class=\"has-primary-color has-text-color has-link-color has-fontprimary-font-family has-superbfont-small-font-size wp-elements-b4f19c8867e7f35505b728073df48287\" style=\"margin-right:0;margin-left:0\"><em>Responde a unas preguntas sencillas sobre la gesti\u00f3n de tu alojamiento<\/em><\/li>\n<\/ul>\n<\/li>\n\n\n\n<li class=\"has-primary-color has-text-color has-link-color has-fontprimary-font-family wp-elements-ee323bc46219060ec9486bc8af8ba463\" style=\"margin-right:var(--wp--preset--spacing--superbspacing-medium);margin-left:var(--wp--preset--spacing--superbspacing-medium)\">Analizo personalmente tu caso\n<ul class=\"wp-block-list\">\n<li class=\"has-primary-color has-text-color has-link-color has-fontprimary-font-family has-superbfont-small-font-size wp-elements-2ff772d3e9ad61fcd5576b4c988f99a1\" style=\"margin-right:0;margin-left:0\"><em>Reviso la informaci\u00f3n para detectar posibles fugas de rentabilidad y patrones de mejora.<\/em><\/li>\n<\/ul>\n<\/li>\n\n\n\n<li class=\"has-primary-color has-text-color has-link-color has-fontprimary-font-family wp-elements-8651d1844f87bfae5b2d17518253fcad\" style=\"margin-right:var(--wp--preset--spacing--superbspacing-medium);margin-left:var(--wp--preset--spacing--superbspacing-medium)\">Recibes un diagn\u00f3stico inicial\n<ul class=\"wp-block-list\">\n<li class=\"has-primary-color has-text-color has-link-color has-fontprimary-font-family has-superbfont-small-font-size wp-elements-dabf47a9c0a293f505936ec7a49e76d1\" style=\"margin-right:0;margin-left:0\"><em>Te indicar\u00e9 los principales puntos que est\u00e1n afectando a tus resultados y d\u00f3nde puede haber margen de mejora<\/em><\/li>\n<\/ul>\n<\/li>\n<\/ol>\n\n\n\n<figure class=\"wp-block-image alignfull size-large wp-duotone-a698b7-ffffff-1\"><img loading=\"lazy\" decoding=\"async\" width=\"1024\" height=\"576\" src=\"https:\/\/estrategiahotelera.es\/wp-content\/uploads\/2026\/04\/s-o-c-i-a-l-c-u-t-3YFt82q5nP4-unsplash-1-edited-1024x576.jpg\" alt=\"\" class=\"wp-image-1980\" srcset=\"https:\/\/estrategiahotelera.es\/wp-content\/uploads\/2026\/04\/s-o-c-i-a-l-c-u-t-3YFt82q5nP4-unsplash-1-edited-1024x576.jpg 1024w, https:\/\/estrategiahotelera.es\/wp-content\/uploads\/2026\/04\/s-o-c-i-a-l-c-u-t-3YFt82q5nP4-unsplash-1-edited-300x169.jpg 300w, https:\/\/estrategiahotelera.es\/wp-content\/uploads\/2026\/04\/s-o-c-i-a-l-c-u-t-3YFt82q5nP4-unsplash-1-edited-768x432.jpg 768w, https:\/\/estrategiahotelera.es\/wp-content\/uploads\/2026\/04\/s-o-c-i-a-l-c-u-t-3YFt82q5nP4-unsplash-1-edited-1536x864.jpg 1536w, https:\/\/estrategiahotelera.es\/wp-content\/uploads\/2026\/04\/s-o-c-i-a-l-c-u-t-3YFt82q5nP4-unsplash-1-edited-2048x1152.jpg 2048w, https:\/\/estrategiahotelera.es\/wp-content\/uploads\/2026\/04\/s-o-c-i-a-l-c-u-t-3YFt82q5nP4-unsplash-1-edited-18x10.jpg 18w, https:\/\/estrategiahotelera.es\/wp-content\/uploads\/2026\/04\/s-o-c-i-a-l-c-u-t-3YFt82q5nP4-unsplash-1-edited-600x338.jpg 600w\" sizes=\"auto, (max-width: 1024px) 100vw, 1024px\" \/><\/figure>\n\n\n\n<p class=\"has-text-align-left has-superbfont-large-font-size\" style=\"margin-right:0;margin-left:0;padding-right:var(--wp--preset--spacing--superbspacing-xlarge);padding-left:var(--wp--preset--spacing--superbspacing-xlarge);line-height:2.1\"><strong>Con esta auditor\u00eda podr\u00e1s:<\/strong><\/p>\n\n\n\n<ul class=\"wp-block-list\">\n<li class=\"has-primary-color has-text-color has-link-color has-fontprimary-font-family wp-elements-3e6aa88ef23d41466821c21149a8e6cc\" style=\"margin-right:var(--wp--preset--spacing--superbspacing-medium);margin-left:var(--wp--preset--spacing--superbspacing-medium)\">Detectar posibles fugas de rentabilidad<\/li>\n\n\n\n<li class=\"has-primary-color has-text-color has-link-color has-fontprimary-font-family wp-elements-06c2532be47eb8087444c5a5d468bf40\" style=\"margin-right:var(--wp--preset--spacing--superbspacing-medium);margin-left:var(--wp--preset--spacing--superbspacing-medium)\">Entender c\u00f3mo afectan tus decisiones a los resultados<\/li>\n\n\n\n<li class=\"has-primary-color has-text-color has-link-color has-fontprimary-font-family wp-elements-afc22481796755a4498aced514f73f5d\" style=\"margin-right:var(--wp--preset--spacing--superbspacing-medium);margin-left:var(--wp--preset--spacing--superbspacing-medium)\">Tener una primera visi\u00f3n estructurada de tu negocio<\/li>\n<\/ul>\n<\/div>\n\n\n\n<div class=\"wp-block-group has-border-color has-custom-crema-roto-border-color has-custom-lila-humo-background-color has-background is-layout-flow wp-block-group-is-layout-flow\" style=\"border-width:24px;padding-top:var(--wp--preset--spacing--superbspacing-xxsmall);padding-bottom:var(--wp--preset--spacing--superbspacing-xxsmall)\">\n<p class=\"has-text-align-center has-custom-crema-roto-color has-text-color has-link-color has-superbfont-large-font-size wp-elements-474a91cc0bfef0d29c9c56a9dff7384d\" style=\"margin-right:0;margin-left:0;padding-right:var(--wp--preset--spacing--superbspacing-xlarge);padding-left:var(--wp--preset--spacing--superbspacing-xlarge)\">Esta auditor\u00eda es para ti si:<\/p>\n\n\n\n<p class=\"has-text-align-center has-custom-crema-roto-color has-text-color has-link-color has-superbfont-medium-font-size wp-elements-2e57f4eff0c1b06db71c114e1e1854df\" style=\"margin-right:0;margin-left:0;padding-right:var(--wp--preset--spacing--superbspacing-xlarge);padding-left:var(--wp--preset--spacing--superbspacing-xlarge)\">\u2714 Gestionas un alojamiento<br>\u2714 Sientes que podr\u00edas mejorar resultados<br>\u2714 Quieres tener m\u00e1s control sobre tu negocio<\/p>\n<\/div>\n\n\n\n<figure class=\"wp-block-image aligncenter size-large is-resized wp-duotone-unset-2\" style=\"margin-top:var(--wp--preset--spacing--superbspacing-xxsmall);margin-bottom:var(--wp--preset--spacing--superbspacing-xxsmall)\"><img loading=\"lazy\" decoding=\"async\" width=\"1024\" height=\"576\" src=\"https:\/\/estrategiahotelera.es\/wp-content\/uploads\/2026\/04\/mark-olsen-mCjOU6bgeMg-unsplash-1024x576.jpg\" alt=\"\" class=\"wp-image-2012\" style=\"aspect-ratio:16\/9;object-fit:cover;width:1132px;height:auto\" srcset=\"https:\/\/estrategiahotelera.es\/wp-content\/uploads\/2026\/04\/mark-olsen-mCjOU6bgeMg-unsplash-1024x576.jpg 1024w, https:\/\/estrategiahotelera.es\/wp-content\/uploads\/2026\/04\/mark-olsen-mCjOU6bgeMg-unsplash-300x169.jpg 300w, https:\/\/estrategiahotelera.es\/wp-content\/uploads\/2026\/04\/mark-olsen-mCjOU6bgeMg-unsplash-768x432.jpg 768w, https:\/\/estrategiahotelera.es\/wp-content\/uploads\/2026\/04\/mark-olsen-mCjOU6bgeMg-unsplash-1536x864.jpg 1536w, https:\/\/estrategiahotelera.es\/wp-content\/uploads\/2026\/04\/mark-olsen-mCjOU6bgeMg-unsplash-2048x1152.jpg 2048w, https:\/\/estrategiahotelera.es\/wp-content\/uploads\/2026\/04\/mark-olsen-mCjOU6bgeMg-unsplash-18x10.jpg 18w, https:\/\/estrategiahotelera.es\/wp-content\/uploads\/2026\/04\/mark-olsen-mCjOU6bgeMg-unsplash-600x338.jpg 600w\" sizes=\"auto, (max-width: 1024px) 100vw, 1024px\" \/><\/figure>\n\n\n\n<div class=\"wp-block-group has-custom-crema-roto-background-color has-background has-global-padding is-layout-constrained wp-block-group-is-layout-constrained\" style=\"padding-top:var(--wp--preset--spacing--superbspacing-medium);padding-bottom:var(--wp--preset--spacing--superbspacing-medium)\">\n<p class=\"has-text-align-center has-superbfont-large-font-size\" style=\"margin-right:0;margin-left:0;padding-right:var(--wp--preset--spacing--superbspacing-xlarge);padding-left:var(--wp--preset--spacing--superbspacing-xlarge)\">Cada alojamiento es diferente.<\/p>\n\n\n\n<p class=\"has-text-align-center has-superbfont-large-font-size\" style=\"margin-right:0;margin-left:0;padding-right:var(--wp--preset--spacing--superbspacing-xlarge);padding-left:var(--wp--preset--spacing--superbspacing-xlarge)\">En algunos casos, este primer an\u00e1lisis <strong>revela oportunidades<\/strong> claras de mejora que merece la pena trabajar en detalle.<\/p>\n\n\n\n<p class=\"has-text-align-center has-superbfont-medium-font-size\">Si es tu caso, te indicar\u00e9 c\u00f3mo abordarlo.<\/p>\n\n\n\n<div class=\"wp-block-buttons is-content-justification-center is-layout-flex wp-container-core-buttons-is-layout-a89b3969 wp-block-buttons-is-layout-flex\">\n<div class=\"wp-block-button\"><a class=\"wp-block-button__link has-text-align-center wp-element-button\" href=\"https:\/\/form.typeform.com\/to\/JV2MlmM5\" target=\"_blank\" rel=\"noreferrer noopener\">Quiero hacer la mini auditor\u00eda<\/a><\/div>\n<\/div>\n\n\n\n<p class=\"has-text-align-center has-superbfont-small-font-size\"><em>*Basado en la experiencia analizando m\u00e1s de 100 alojamientos tur\u00edsticos.<\/em><\/p>\n<\/div>","protected":false},"excerpt":{"rendered":"<p>\u00bfEst\u00e1s perdiendo dinero en tu alojamiento sin saberlo? En 3 minutos te doy una foto clarade c\u00f3mo est\u00e1 tu alojamiento (no es autom\u00e1tico, lo reviso yo) \u2714\ufe0f Gratuita\u2714\ufe0f 3 minutos\u2714\ufe0f Respuesta personalizada Muchos alojamientos funcionan, generan ingresos y mantienen la operativa. Pero lo hacen desde la urgencia, con decisiones poco estructuradas y sin una visi\u00f3n [&hellip;]<\/p>\n","protected":false},"author":1,"featured_media":1879,"parent":0,"menu_order":0,"comment_status":"closed","ping_status":"closed","template":"full-width-page","meta":{"footnotes":""},"class_list":["post-1734","page","type-page","status-publish","has-post-thumbnail","hentry"],"_links":{"self":[{"href":"https:\/\/estrategiahotelera.es\/en\/wp-json\/wp\/v2\/pages\/1734","targetHints":{"allow":["GET"]}}],"collection":[{"href":"https:\/\/estrategiahotelera.es\/en\/wp-json\/wp\/v2\/pages"}],"about":[{"href":"https:\/\/estrategiahotelera.es\/en\/wp-json\/wp\/v2\/types\/page"}],"author":[{"embeddable":true,"href":"https:\/\/estrategiahotelera.es\/en\/wp-json\/wp\/v2\/users\/1"}],"replies":[{"embeddable":true,"href":"https:\/\/estrategiahotelera.es\/en\/wp-json\/wp\/v2\/comments?post=1734"}],"version-history":[{"count":259,"href":"https:\/\/estrategiahotelera.es\/en\/wp-json\/wp\/v2\/pages\/1734\/revisions"}],"predecessor-version":[{"id":2098,"href":"https:\/\/estrategiahotelera.es\/en\/wp-json\/wp\/v2\/pages\/1734\/revisions\/2098"}],"wp:featuredmedia":[{"embeddable":true,"href":"https:\/\/estrategiahotelera.es\/en\/wp-json\/wp\/v2\/media\/1879"}],"wp:attachment":[{"href":"https:\/\/estrategiahotelera.es\/en\/wp-json\/wp\/v2\/media?parent=1734"}],"curies":[{"name":"wp","href":"https:\/\/api.w.org\/{rel}","templated":true}]}}